{"id":2570,"date":"2023-10-18T16:46:23","date_gmt":"2023-10-18T16:46:23","guid":{"rendered":"https:\/\/lacasadelmasroig.com\/?page_id=2570"},"modified":"2024-04-08T17:49:54","modified_gmt":"2024-04-08T17:49:54","slug":"enoturismo","status":"publish","type":"page","link":"https:\/\/lacasadelmasroig.com\/es\/enoturismo\/","title":{"rendered":"Enoturismo"},"content":{"rendered":"\t\t<div data-elementor-type=\"wp-page\" data-elementor-id=\"2570\" class=\"elementor elementor-2570\">\n\t\t\t\t\t\t<section class=\"elementor-section elementor-top-section elementor-element elementor-element-bd442b4 elementor-section-boxed elementor-section-height-default elementor-section-height-default\" data-id=\"bd442b4\" data-element_type=\"section\" data-settings=\"{&quot;background_background&quot;:&quot;classic&quot;}\">\n\t\t\t\t\t\t\t<div class=\"elementor-background-overlay\"><\/div>\n\t\t\t\t\t\t\t<div class=\"elementor-container elementor-column-gap-no\">\n\t\t\t\t\t<div class=\"elementor-column elementor-col-100 elementor-top-column elementor-element elementor-element-e8732b9\" data-id=\"e8732b9\" data-element_type=\"column\">\n\t\t\t<div class=\"elementor-widget-wrap elementor-element-populated\">\n\t\t\t\t\t\t<div class=\"elementor-element elementor-element-4179f02 elementor-widget__width-inherit elementor-widget elementor-widget-heading\" data-id=\"4179f02\" data-element_type=\"widget\" data-widget_type=\"heading.default\">\n\t\t\t\t<div class=\"elementor-widget-container\">\n\t\t\t\t\t<h1 class=\"elementor-heading-title elementor-size-default\">Enoturismo<\/h1>\t\t\t\t<\/div>\n\t\t\t\t<\/div>\n\t\t\t\t\t<\/div>\n\t\t<\/div>\n\t\t\t\t\t<\/div>\n\t\t<\/section>\n\t\t\t\t<section class=\"elementor-section elementor-top-section elementor-element elementor-element-2d108c2 elementor-section-boxed elementor-section-height-default elementor-section-height-default\" data-id=\"2d108c2\" data-element_type=\"section\" data-settings=\"{&quot;background_background&quot;:&quot;gradient&quot;}\">\n\t\t\t\t\t\t<div class=\"elementor-container elementor-column-gap-no\">\n\t\t\t\t\t<div class=\"elementor-column elementor-col-100 elementor-top-column elementor-element elementor-element-21302d2\" data-id=\"21302d2\" data-element_type=\"column\">\n\t\t\t<div class=\"elementor-widget-wrap elementor-element-populated\">\n\t\t\t\t\t\t<section class=\"elementor-section elementor-inner-section elementor-element elementor-element-8af7cad elementor-section-boxed elementor-section-height-default elementor-section-height-default\" data-id=\"8af7cad\" data-element_type=\"section\">\n\t\t\t\t\t\t<div class=\"elementor-container elementor-column-gap-no\">\n\t\t\t\t\t<div class=\"elementor-column elementor-col-50 elementor-inner-column elementor-element elementor-element-3dbff58\" data-id=\"3dbff58\" data-element_type=\"column\">\n\t\t\t<div class=\"elementor-widget-wrap elementor-element-populated\">\n\t\t\t\t\t\t<div class=\"elementor-element elementor-element-d9134d0 elementor-widget elementor-widget-heading\" data-id=\"d9134d0\" data-element_type=\"widget\" data-widget_type=\"heading.default\">\n\t\t\t\t<div class=\"elementor-widget-container\">\n\t\t\t\t\t<h2 class=\"elementor-heading-title elementor-size-default\">Al\u00f3jate y visita el Celler del Masroig<\/h2>\t\t\t\t<\/div>\n\t\t\t\t<\/div>\n\t\t\t\t<div class=\"elementor-element elementor-element-992af30 elementor-widget elementor-widget-image\" data-id=\"992af30\" data-element_type=\"widget\" data-widget_type=\"image.default\">\n\t\t\t\t<div class=\"elementor-widget-container\">\n\t\t\t\t\t\t\t\t\t\t\t\t\t\t\t<img fetchpriority=\"high\" decoding=\"async\" width=\"1024\" height=\"655\" src=\"https:\/\/lacasadelmasroig.com\/wp-content\/uploads\/2023\/10\/celler_01-1024x655.jpg\" class=\"attachment-large size-large wp-image-2525\" alt=\"\" srcset=\"https:\/\/lacasadelmasroig.com\/wp-content\/uploads\/2023\/10\/celler_01-1024x655.jpg 1024w, https:\/\/lacasadelmasroig.com\/wp-content\/uploads\/2023\/10\/celler_01-300x192.jpg 300w, https:\/\/lacasadelmasroig.com\/wp-content\/uploads\/2023\/10\/celler_01-768x491.jpg 768w, https:\/\/lacasadelmasroig.com\/wp-content\/uploads\/2023\/10\/celler_01.jpg 1110w\" sizes=\"(max-width: 1024px) 100vw, 1024px\" \/>\t\t\t\t\t\t\t\t\t\t\t\t\t\t\t<\/div>\n\t\t\t\t<\/div>\n\t\t\t\t<div class=\"elementor-element elementor-element-ff722d2 elementor-widget elementor-widget-image\" data-id=\"ff722d2\" data-element_type=\"widget\" data-widget_type=\"image.default\">\n\t\t\t\t<div class=\"elementor-widget-container\">\n\t\t\t\t\t\t\t\t\t\t\t\t\t\t\t<img decoding=\"async\" width=\"1024\" height=\"683\" src=\"https:\/\/lacasadelmasroig.com\/wp-content\/uploads\/2023\/10\/celler_02-1024x683.jpg\" class=\"attachment-large size-large wp-image-2530\" alt=\"\" srcset=\"https:\/\/lacasadelmasroig.com\/wp-content\/uploads\/2023\/10\/celler_02-1024x683.jpg 1024w, https:\/\/lacasadelmasroig.com\/wp-content\/uploads\/2023\/10\/celler_02-300x200.jpg 300w, https:\/\/lacasadelmasroig.com\/wp-content\/uploads\/2023\/10\/celler_02-768x512.jpg 768w, https:\/\/lacasadelmasroig.com\/wp-content\/uploads\/2023\/10\/celler_02.jpg 1500w\" sizes=\"(max-width: 1024px) 100vw, 1024px\" \/>\t\t\t\t\t\t\t\t\t\t\t\t\t\t\t<\/div>\n\t\t\t\t<\/div>\n\t\t\t\t\t<\/div>\n\t\t<\/div>\n\t\t\t\t<div class=\"elementor-column elementor-col-50 elementor-inner-column elementor-element elementor-element-cf3faf8\" data-id=\"cf3faf8\" data-element_type=\"column\">\n\t\t\t<div class=\"elementor-widget-wrap elementor-element-populated\">\n\t\t\t\t\t\t<div class=\"elementor-element elementor-element-e5bddd0 elementor-widget elementor-widget-text-editor\" data-id=\"e5bddd0\" data-element_type=\"widget\" data-widget_type=\"text-editor.default\">\n\t\t\t\t<div class=\"elementor-widget-container\">\n\t\t\t\t\t\t\t\t\t<p>\u00bfEres amante del enoturismo y de los espacios rurales?Entonces tenemos el plan perfecto para ti: ven al Masroig y disfruta de una noche en La Casa del Til\u00b7ler con desayuno incluido y de una visita guiada y una degustaci\u00f3n de tres vinos en el Celler Masroig.<\/p>\t\t\t\t\t\t\t\t<\/div>\n\t\t\t\t<\/div>\n\t\t\t\t<div class=\"elementor-element elementor-element-1342282 elementor-widget elementor-widget-text-editor\" data-id=\"1342282\" data-element_type=\"widget\" data-widget_type=\"text-editor.default\">\n\t\t\t\t<div class=\"elementor-widget-container\">\n\t\t\t\t\t\t\t\t\t<p>Al\u00f3jate en nuestra casa, visita el celler del Masroig y pase por sus 100 a\u00f1os de historia, desde los antiguos dep\u00f3sitos subterr\u00e1neos de 1917 hasta la nueva nave de botas. El recorrido finaliza con la cata guiada de tres de sus vinos y la degustaci\u00f3n de su aceite de oliva virgen extra.<\/p>\n<p><strong style=\"font-style: inherit; background-color: transparent; color: var(--ast-global-color-3);\">Visitas<\/strong><span style=\"font-style: inherit; font-weight: inherit; background-color: transparent; color: var(--ast-global-color-3);\">: de lunes a s\u00e1bado a las 11.00h y a las 16.00h.<br><\/span><span style=\"font-style: inherit; font-weight: inherit; background-color: transparent; color: var(--ast-global-color-3);\">Domingos: a las 11.00h. Es necesaria reserva previa.<\/span><\/p>\n<p><b>Duraci\u00f3n aproximada de la visita<\/b>:&nbsp;1-1.30 horas.<\/p>\n<p><strong>Precio<\/strong>: consultar precios.<br><span style=\"font-style: inherit; font-weight: inherit; background-color: transparent; color: var(--ast-global-color-3);\">*Cada importe se paga en el establecimiento correspondiente.<\/span><\/p>\n<p><strong>N\u00famero de personas<\/strong>:&nbsp;m\u00ednimo 2 personas y m\u00e1ximo 4 personas + 1 con cama supletoria.<\/p>\n<p>Para cualquier otra consulta al Celler, contactar con: 977 825 026 \/ 646 743 922 \/ <a href=\"mailto:visites@cellermasroig.com\">visites@cellermasroig.com<\/a><\/p>\t\t\t\t\t\t\t\t<\/div>\n\t\t\t\t<\/div>\n\t\t\t\t\t<\/div>\n\t\t<\/div>\n\t\t\t\t\t<\/div>\n\t\t<\/section>\n\t\t\t\t\t<\/div>\n\t\t<\/div>\n\t\t\t\t\t<\/div>\n\t\t<\/section>\n\t\t\t\t<\/div>\n\t\t","protected":false},"excerpt":{"rendered":"<p>Enoturismo Al\u00f3jate y visita el Celler del Masroig \u00bfEres amante del enoturismo y de los espacios rurales?Entonces tenemos el plan perfecto para ti: ven al Masroig y disfruta de una noche en La Casa del Til\u00b7ler con desayuno incluido y de una visita guiada y una degustaci\u00f3n de tres vinos en el Celler Masroig. Al\u00f3jate &hellip;<\/p>\n<p class=\"read-more\"> <a class=\"\" href=\"https:\/\/lacasadelmasroig.com\/es\/enoturismo\/\"> <span class=\"screen-reader-text\">Enoturismo<\/span> Leer m\u00e1s &raquo;<\/a><\/p>\n","protected":false},"author":1,"featured_media":0,"parent":0,"menu_order":1,"comment_status":"closed","ping_status":"closed","template":"","meta":{"_mi_skip_tracking":false,"site-sidebar-layout":"no-sidebar","site-content-layout":"page-builder","ast-global-header-display":"","ast-main-header-display":"","ast-hfb-above-header-display":"","ast-hfb-below-header-display":"","ast-hfb-mobile-header-display":"","site-post-title":"disabled","ast-breadcrumbs-content":"","ast-featured-img":"disabled","footer-sml-layout":"","theme-transparent-header-meta":"enabled","adv-header-id-meta":"","stick-header-meta":"","header-above-stick-meta":"","header-main-stick-meta":"","header-below-stick-meta":"","footnotes":""},"class_list":["post-2570","page","type-page","status-publish","hentry"],"aioseo_notices":[],"_links":{"self":[{"href":"https:\/\/lacasadelmasroig.com\/es\/wp-json\/wp\/v2\/pages\/2570","targetHints":{"allow":["GET"]}}],"collection":[{"href":"https:\/\/lacasadelmasroig.com\/es\/wp-json\/wp\/v2\/pages"}],"about":[{"href":"https:\/\/lacasadelmasroig.com\/es\/wp-json\/wp\/v2\/types\/page"}],"author":[{"embeddable":true,"href":"https:\/\/lacasadelmasroig.com\/es\/wp-json\/wp\/v2\/users\/1"}],"replies":[{"embeddable":true,"href":"https:\/\/lacasadelmasroig.com\/es\/wp-json\/wp\/v2\/comments?post=2570"}],"version-history":[{"count":17,"href":"https:\/\/lacasadelmasroig.com\/es\/wp-json\/wp\/v2\/pages\/2570\/revisions"}],"predecessor-version":[{"id":2846,"href":"https:\/\/lacasadelmasroig.com\/es\/wp-json\/wp\/v2\/pages\/2570\/revisions\/2846"}],"wp:attachment":[{"href":"https:\/\/lacasadelmasroig.com\/es\/wp-json\/wp\/v2\/media?parent=2570"}],"curies":[{"name":"wp","href":"https:\/\/api.w.org\/{rel}","templated":true}]}}