{"id":2623,"date":"2020-07-15T07:12:01","date_gmt":"2020-07-15T07:12:01","guid":{"rendered":"https:\/\/lacasadelmasroig.com\/?page_id=2623"},"modified":"2023-10-29T17:47:22","modified_gmt":"2023-10-29T17:47:22","slug":"inici","status":"publish","type":"page","link":"https:\/\/lacasadelmasroig.com\/fr\/","title":{"rendered":"Inici"},"content":{"rendered":"\t\t<div data-elementor-type=\"wp-page\" data-elementor-id=\"2623\" class=\"elementor elementor-2623\">\n\t\t\t\t\t\t<header class=\"elementor-section elementor-top-section elementor-element elementor-element-e64f130 elementor-section-height-full elementor-section-full_width elementor-section-content-space-evenly elementor-section-height-default elementor-section-items-middle\" data-id=\"e64f130\" data-element_type=\"section\" data-settings=\"{&quot;background_background&quot;:&quot;classic&quot;}\">\n\t\t\t\t\t\t\t<div class=\"elementor-background-overlay\"><\/div>\n\t\t\t\t\t\t\t<div class=\"elementor-container elementor-column-gap-no\">\n\t\t\t\t\t<div class=\"elementor-column elementor-col-100 elementor-top-column elementor-element elementor-element-e201c07\" data-id=\"e201c07\" data-element_type=\"column\">\n\t\t\t<div class=\"elementor-widget-wrap elementor-element-populated\">\n\t\t\t\t\t\t<div class=\"elementor-element elementor-element-887debd elementor-widget elementor-widget-heading\" data-id=\"887debd\" data-element_type=\"widget\" data-widget_type=\"heading.default\">\n\t\t\t\t<div class=\"elementor-widget-container\">\n\t\t\t\t\t<h1 class=\"elementor-heading-title elementor-size-default\"><br>La Casa del Til\u00b7ler<br>del  Masroig<\/h1>\t\t\t\t<\/div>\n\t\t\t\t<\/div>\n\t\t\t\t<div class=\"elementor-element elementor-element-02a8c55 elementor-widget elementor-widget-heading\" data-id=\"02a8c55\" data-element_type=\"widget\" data-widget_type=\"heading.default\">\n\t\t\t\t<div class=\"elementor-widget-container\">\n\t\t\t\t\t<h5 class=\"elementor-heading-title elementor-size-medium\">Le Priorat \u00e0 port\u00e9e de la main<\/h5>\t\t\t\t<\/div>\n\t\t\t\t<\/div>\n\t\t\t\t\t<\/div>\n\t\t<\/div>\n\t\t\t\t\t<\/div>\n\t\t<\/header>\n\t\t\t\t<section class=\"elementor-section elementor-top-section elementor-element elementor-element-0a20220 elementor-section-boxed elementor-section-height-default elementor-section-height-default\" data-id=\"0a20220\" data-element_type=\"section\" id=\"aboutus\" data-settings=\"{&quot;background_background&quot;:&quot;classic&quot;}\">\n\t\t\t\t\t\t<div class=\"elementor-container elementor-column-gap-no\">\n\t\t\t\t\t<nav class=\"elementor-column elementor-col-33 elementor-top-column elementor-element elementor-element-41d1e10\" data-id=\"41d1e10\" data-element_type=\"column\">\n\t\t\t<div class=\"elementor-widget-wrap elementor-element-populated\">\n\t\t\t\t\t\t<div class=\"elementor-element elementor-element-e551158 elementor-widget elementor-widget-image\" data-id=\"e551158\" data-element_type=\"widget\" data-widget_type=\"image.default\">\n\t\t\t\t<div class=\"elementor-widget-container\">\n\t\t\t\t\t\t\t\t\t\t\t\t\t\t\t\t<a href=\"https:\/\/lacasadelmasroig.com\/fr\/la-casa\/\">\n\t\t\t\t\t\t\t<img fetchpriority=\"high\" decoding=\"async\" width=\"520\" height=\"340\" src=\"https:\/\/lacasadelmasroig.com\/wp-content\/uploads\/2023\/06\/destacado_casa.jpg\" class=\"attachment-large size-large wp-image-964\" alt=\"\" srcset=\"https:\/\/lacasadelmasroig.com\/wp-content\/uploads\/2023\/06\/destacado_casa.jpg 520w, https:\/\/lacasadelmasroig.com\/wp-content\/uploads\/2023\/06\/destacado_casa-300x196.jpg 300w\" sizes=\"(max-width: 520px) 100vw, 520px\" \/>\t\t\t\t\t\t\t\t<\/a>\n\t\t\t\t\t\t\t\t\t\t\t\t\t\t\t<\/div>\n\t\t\t\t<\/div>\n\t\t\t\t<div class=\"elementor-element elementor-element-e5064c9 elementor-widget elementor-widget-heading\" data-id=\"e5064c9\" data-element_type=\"widget\" data-widget_type=\"heading.default\">\n\t\t\t\t<div class=\"elementor-widget-container\">\n\t\t\t\t\t<h5 class=\"elementor-heading-title elementor-size-default\"><a href=\"https:\/\/lacasadelmasroig.com\/fr\/la-casa\/\">La Casa del Til\u00b7ler<\/a><\/h5>\t\t\t\t<\/div>\n\t\t\t\t<\/div>\n\t\t\t\t<div class=\"elementor-element elementor-element-8be014f elementor-widget elementor-widget-text-editor\" data-id=\"8be014f\" data-element_type=\"widget\" data-widget_type=\"text-editor.default\">\n\t\t\t\t<div class=\"elementor-widget-container\">\n\t\t\t\t\t\t\t\t\t<p>Apr\u00e8s avoir beaucoup voyag\u00e9, nous avons choisi ce petit coin du monde pour pouvoir tous profiter de la gentillesse de ses habitants, de la puret\u00e9 de sa terre et de tout ce qu&rsquo;elle nous apporte et nous comble : huile, amandes, vin&#8230; Et, au milieu de tout cela, la Casa del Til.ler (La maison du Tilleul), qu\u2019est-ce qu\u2019on pourrait vouloir de plus!<\/p>\t\t\t\t\t\t\t\t<\/div>\n\t\t\t\t<\/div>\n\t\t\t\t\t<\/div>\n\t\t<\/nav>\n\t\t\t\t<div class=\"elementor-column elementor-col-33 elementor-top-column elementor-element elementor-element-392c132\" data-id=\"392c132\" data-element_type=\"column\" data-settings=\"{&quot;background_background&quot;:&quot;classic&quot;}\">\n\t\t\t<div class=\"elementor-widget-wrap elementor-element-populated\">\n\t\t\t\t\t\t<div class=\"elementor-element elementor-element-3389962 elementor-widget elementor-widget-image\" data-id=\"3389962\" data-element_type=\"widget\" data-widget_type=\"image.default\">\n\t\t\t\t<div class=\"elementor-widget-container\">\n\t\t\t\t\t\t\t\t\t\t\t\t\t\t\t\t<a href=\"https:\/\/lacasadelmasroig.com\/fr\/habitacions\/\">\n\t\t\t\t\t\t\t<img decoding=\"async\" width=\"520\" height=\"340\" src=\"https:\/\/lacasadelmasroig.com\/wp-content\/uploads\/2023\/06\/destacado-habitaciones.jpg\" class=\"attachment-large size-large wp-image-969\" alt=\"\" srcset=\"https:\/\/lacasadelmasroig.com\/wp-content\/uploads\/2023\/06\/destacado-habitaciones.jpg 520w, https:\/\/lacasadelmasroig.com\/wp-content\/uploads\/2023\/06\/destacado-habitaciones-300x196.jpg 300w\" sizes=\"(max-width: 520px) 100vw, 520px\" \/>\t\t\t\t\t\t\t\t<\/a>\n\t\t\t\t\t\t\t\t\t\t\t\t\t\t\t<\/div>\n\t\t\t\t<\/div>\n\t\t\t\t<div class=\"elementor-element elementor-element-f28549f elementor-widget elementor-widget-heading\" data-id=\"f28549f\" data-element_type=\"widget\" data-widget_type=\"heading.default\">\n\t\t\t\t<div class=\"elementor-widget-container\">\n\t\t\t\t\t<h5 class=\"elementor-heading-title elementor-size-default\"><a href=\"https:\/\/lacasadelmasroig.com\/fr\/habitacions\/\">Chambres<\/a><\/h5>\t\t\t\t<\/div>\n\t\t\t\t<\/div>\n\t\t\t\t<div class=\"elementor-element elementor-element-1eb08db elementor-widget elementor-widget-text-editor\" data-id=\"1eb08db\" data-element_type=\"widget\" data-widget_type=\"text-editor.default\">\n\t\t\t\t<div class=\"elementor-widget-container\">\n\t\t\t\t\t\t\t\t\t<p>Nous disposons de deux chambres doubles avec la salle de bain int\u00e9gr\u00e9e, smart TV, climatisation et une grande pi\u00e8ce avec biblioth\u00e8que, jeux de table et une table pour ceux qui pr\u00e9f\u00e8rent prendre leurs repas en priv\u00e9.<\/p>\t\t\t\t\t\t\t\t<\/div>\n\t\t\t\t<\/div>\n\t\t\t\t\t<\/div>\n\t\t<\/div>\n\t\t\t\t<div class=\"elementor-column elementor-col-33 elementor-top-column elementor-element elementor-element-cc533fa\" data-id=\"cc533fa\" data-element_type=\"column\">\n\t\t\t<div class=\"elementor-widget-wrap elementor-element-populated\">\n\t\t\t\t\t\t<div class=\"elementor-element elementor-element-304b85e elementor-widget elementor-widget-image\" data-id=\"304b85e\" data-element_type=\"widget\" data-widget_type=\"image.default\">\n\t\t\t\t<div class=\"elementor-widget-container\">\n\t\t\t\t\t\t\t\t\t\t\t\t\t\t\t\t<a href=\"https:\/\/lacasadelmasroig.com\/fr\/la-nostra-cuina\/\">\n\t\t\t\t\t\t\t<img decoding=\"async\" width=\"520\" height=\"340\" src=\"https:\/\/lacasadelmasroig.com\/wp-content\/uploads\/2023\/10\/cocina-port.jpg\" class=\"attachment-large size-large wp-image-2454\" alt=\"\" srcset=\"https:\/\/lacasadelmasroig.com\/wp-content\/uploads\/2023\/10\/cocina-port.jpg 520w, https:\/\/lacasadelmasroig.com\/wp-content\/uploads\/2023\/10\/cocina-port-300x196.jpg 300w\" sizes=\"(max-width: 520px) 100vw, 520px\" \/>\t\t\t\t\t\t\t\t<\/a>\n\t\t\t\t\t\t\t\t\t\t\t\t\t\t\t<\/div>\n\t\t\t\t<\/div>\n\t\t\t\t<div class=\"elementor-element elementor-element-f9546c0 elementor-widget elementor-widget-heading\" data-id=\"f9546c0\" data-element_type=\"widget\" data-widget_type=\"heading.default\">\n\t\t\t\t<div class=\"elementor-widget-container\">\n\t\t\t\t\t<h5 class=\"elementor-heading-title elementor-size-default\"><a href=\"https:\/\/lacasadelmasroig.com\/fr\/la-nostra-cuina\/\">Cuisine<\/a><\/h5>\t\t\t\t<\/div>\n\t\t\t\t<\/div>\n\t\t\t\t<div class=\"elementor-element elementor-element-337071f elementor-widget elementor-widget-text-editor\" data-id=\"337071f\" data-element_type=\"widget\" data-widget_type=\"text-editor.default\">\n\t\t\t\t<div class=\"elementor-widget-container\">\n\t\t\t\t\t\t\t\t\t<p>Nous proposons des plats catalans et m\u00e9diterran\u00e9ens avec une touche personnelle, de succulents petits d\u00e9jeuners et des pique-niques complets et originaux.<\/p>\t\t\t\t\t\t\t\t<\/div>\n\t\t\t\t<\/div>\n\t\t\t\t\t<\/div>\n\t\t<\/div>\n\t\t\t\t\t<\/div>\n\t\t<\/section>\n\t\t\t\t<section class=\"elementor-section elementor-top-section elementor-element elementor-element-2e8db1e elementor-section-boxed elementor-section-height-default elementor-section-height-default\" data-id=\"2e8db1e\" data-element_type=\"section\" data-settings=\"{&quot;background_background&quot;:&quot;classic&quot;}\">\n\t\t\t\t\t\t<div class=\"elementor-container elementor-column-gap-no\">\n\t\t\t\t\t<div class=\"elementor-column elementor-col-100 elementor-top-column elementor-element elementor-element-5505df9\" data-id=\"5505df9\" data-element_type=\"column\">\n\t\t\t<div class=\"elementor-widget-wrap elementor-element-populated\">\n\t\t\t\t\t\t<div class=\"elementor-element elementor-element-001942f elementor-widget elementor-widget-heading\" data-id=\"001942f\" data-element_type=\"widget\" data-widget_type=\"heading.default\">\n\t\t\t\t<div class=\"elementor-widget-container\">\n\t\t\t\t\t<h2 class=\"elementor-heading-title elementor-size-default\">R\u00e9servations<\/h2>\t\t\t\t<\/div>\n\t\t\t\t<\/div>\n\t\t\t\t<div class=\"elementor-element elementor-element-24c5c6e elementor-widget elementor-widget-text-editor\" data-id=\"24c5c6e\" data-element_type=\"widget\" data-widget_type=\"text-editor.default\">\n\t\t\t\t<div class=\"elementor-widget-container\">\n\t\t\t\t\t\t\t\t\t<p>Maison partag\u00e9e, chambres \u00e0 louer par nuit.<\/p>\t\t\t\t\t\t\t\t<\/div>\n\t\t\t\t<\/div>\n\t\t\t\t<div class=\"elementor-element elementor-element-e1d2ba9 elementor-widget elementor-widget-heading\" data-id=\"e1d2ba9\" data-element_type=\"widget\" data-widget_type=\"heading.default\">\n\t\t\t\t<div class=\"elementor-widget-container\">\n\t\t\t\t\t<div class=\"elementor-heading-title elementor-size-default\">+34 637 085 608<\/div>\t\t\t\t<\/div>\n\t\t\t\t<\/div>\n\t\t\t\t<div class=\"elementor-element elementor-element-2084920 elementor-align-center elementor-widget elementor-widget-button\" data-id=\"2084920\" data-element_type=\"widget\" data-widget_type=\"button.default\">\n\t\t\t\t<div class=\"elementor-widget-container\">\n\t\t\t\t\t\t\t\t\t<div class=\"elementor-button-wrapper\">\n\t\t\t\t\t<a class=\"elementor-button elementor-button-link elementor-size-md\" href=\"#\">\n\t\t\t\t\t\t<span class=\"elementor-button-content-wrapper\">\n\t\t\t\t\t\t<span class=\"elementor-button-icon\">\n\t\t\t\t<i aria-hidden=\"true\" class=\"far fa-envelope\"><\/i>\t\t\t<\/span>\n\t\t\t\t\t\t\t\t\t<span class=\"elementor-button-text\">info@lacasadelmasroig.com<\/span>\n\t\t\t\t\t<\/span>\n\t\t\t\t\t<\/a>\n\t\t\t\t<\/div>\n\t\t\t\t\t\t\t\t<\/div>\n\t\t\t\t<\/div>\n\t\t\t\t\t<\/div>\n\t\t<\/div>\n\t\t\t\t\t<\/div>\n\t\t<\/section>\n\t\t\t\t<section class=\"elementor-section elementor-top-section elementor-element elementor-element-149f114 elementor-section-boxed elementor-section-height-default elementor-section-height-default\" data-id=\"149f114\" data-element_type=\"section\">\n\t\t\t\t\t\t<div class=\"elementor-container elementor-column-gap-default\">\n\t\t\t\t\t<div class=\"elementor-column elementor-col-100 elementor-top-column elementor-element elementor-element-dc04914\" data-id=\"dc04914\" data-element_type=\"column\">\n\t\t\t<div class=\"elementor-widget-wrap\">\n\t\t\t\t\t\t\t<\/div>\n\t\t<\/div>\n\t\t\t\t\t<\/div>\n\t\t<\/section>\n\t\t\t\t<section class=\"elementor-section elementor-top-section elementor-element elementor-element-3b1e5fc elementor-section-full_width elementor-section-height-default elementor-section-height-default\" data-id=\"3b1e5fc\" data-element_type=\"section\">\n\t\t\t\t\t\t<div class=\"elementor-container elementor-column-gap-default\">\n\t\t\t\t\t<div class=\"elementor-column elementor-col-100 elementor-top-column elementor-element elementor-element-1db0139\" data-id=\"1db0139\" data-element_type=\"column\">\n\t\t\t<div class=\"elementor-widget-wrap elementor-element-populated\">\n\t\t\t\t\t\t<div class=\"elementor-element elementor-element-74bbd9e elementor-widget elementor-widget-google_maps\" data-id=\"74bbd9e\" data-element_type=\"widget\" data-widget_type=\"google_maps.default\">\n\t\t\t\t<div class=\"elementor-widget-container\">\n\t\t\t\t\t\t\t<div class=\"elementor-custom-embed\">\n\t\t\t<iframe loading=\"lazy\"\n\t\t\t\t\tsrc=\"https:\/\/maps.google.com\/maps?q=41.12521%2C%200.731807&#038;t=m&#038;z=10&#038;output=embed&#038;iwloc=near\"\n\t\t\t\t\ttitle=\"41.12521, 0.731807\"\n\t\t\t\t\taria-label=\"41.12521, 0.731807\"\n\t\t\t><\/iframe>\n\t\t<\/div>\n\t\t\t\t\t\t<\/div>\n\t\t\t\t<\/div>\n\t\t\t\t\t<\/div>\n\t\t<\/div>\n\t\t\t\t\t<\/div>\n\t\t<\/section>\n\t\t\t\t<\/div>\n\t\t","protected":false},"excerpt":{"rendered":"<p>La Casa del Til\u00b7lerdel Masroig Le Priorat \u00e0 port\u00e9e de la main La Casa del Til\u00b7ler Apr\u00e8s avoir beaucoup voyag\u00e9, nous avons choisi ce petit coin du monde pour pouvoir tous profiter de la gentillesse de ses habitants, de la puret\u00e9 de sa terre et de tout ce qu&rsquo;elle nous apporte et nous comble : &hellip;<\/p>\n<p class=\"read-more\"> <a class=\"\" href=\"https:\/\/lacasadelmasroig.com\/fr\/\"> <span class=\"screen-reader-text\">Inici<\/span> Lire la suite\u00a0\u00bb<\/a><\/p>\n","protected":false},"author":1,"featured_media":1007,"parent":0,"menu_order":0,"comment_status":"closed","ping_status":"closed","template":"","meta":{"_mi_skip_tracking":false,"site-sidebar-layout":"no-sidebar","site-content-layout":"page-builder","ast-global-header-display":"","ast-main-header-display":"","ast-hfb-above-header-display":"","ast-hfb-below-header-display":"","ast-hfb-mobile-header-display":"","site-post-title":"disabled","ast-breadcrumbs-content":"","ast-featured-img":"disabled","footer-sml-layout":"","theme-transparent-header-meta":"enabled","adv-header-id-meta":"","stick-header-meta":"","header-above-stick-meta":"","header-main-stick-meta":"","header-below-stick-meta":"","footnotes":""},"class_list":["post-2623","page","type-page","status-publish","has-post-thumbnail","hentry"],"aioseo_notices":[],"_links":{"self":[{"href":"https:\/\/lacasadelmasroig.com\/fr\/wp-json\/wp\/v2\/pages\/2623","targetHints":{"allow":["GET"]}}],"collection":[{"href":"https:\/\/lacasadelmasroig.com\/fr\/wp-json\/wp\/v2\/pages"}],"about":[{"href":"https:\/\/lacasadelmasroig.com\/fr\/wp-json\/wp\/v2\/types\/page"}],"author":[{"embeddable":true,"href":"https:\/\/lacasadelmasroig.com\/fr\/wp-json\/wp\/v2\/users\/1"}],"replies":[{"embeddable":true,"href":"https:\/\/lacasadelmasroig.com\/fr\/wp-json\/wp\/v2\/comments?post=2623"}],"version-history":[{"count":26,"href":"https:\/\/lacasadelmasroig.com\/fr\/wp-json\/wp\/v2\/pages\/2623\/revisions"}],"predecessor-version":[{"id":2671,"href":"https:\/\/lacasadelmasroig.com\/fr\/wp-json\/wp\/v2\/pages\/2623\/revisions\/2671"}],"wp:featuredmedia":[{"embeddable":true,"href":"https:\/\/lacasadelmasroig.com\/fr\/wp-json\/wp\/v2\/media\/1007"}],"wp:attachment":[{"href":"https:\/\/lacasadelmasroig.com\/fr\/wp-json\/wp\/v2\/media?parent=2623"}],"curies":[{"name":"wp","href":"https:\/\/api.w.org\/{rel}","templated":true}]}}